{"id":15,"date":"2021-11-04T10:22:20","date_gmt":"2021-11-04T10:22:20","guid":{"rendered":"https:\/\/tamarell.com\/web\/contact-us\/"},"modified":"2025-03-13T12:11:15","modified_gmt":"2025-03-13T12:11:15","slug":"contacte","status":"publish","type":"page","link":"https:\/\/tamarell.com\/es\/contacte\/","title":{"rendered":"Contacto"},"content":{"rendered":"<div data-elementor-type=\"wp-page\" data-elementor-id=\"15\" class=\"elementor elementor-15\">\n\t\t\t\t\t\t<section class=\"elementor-section elementor-top-section elementor-element elementor-element-6292b64 elementor-section-height-min-height elementor-section-boxed elementor-section-height-default elementor-section-items-middle\" data-id=\"6292b64\" data-element_type=\"section\" data-e-type=\"section\" data-settings=\"{&quot;background_background&quot;:&quot;classic&quot;}\">\n\t\t\t\t\t\t\t<div class=\"elementor-background-overlay\"><\/div>\n\t\t\t\t\t\t\t<div class=\"elementor-container elementor-column-gap-no\">\n\t\t\t\t\t<div class=\"elementor-column elementor-col-100 elementor-top-column elementor-element elementor-element-6ebf2304\" data-id=\"6ebf2304\" data-element_type=\"column\" data-e-type=\"column\">\n\t\t\t<div class=\"elementor-widget-wrap elementor-element-populated\">\n\t\t\t\t\t\t<div class=\"elementor-element elementor-element-6bc7758d elementor-widget elementor-widget-image\" data-id=\"6bc7758d\" data-element_type=\"widget\" data-e-type=\"widget\" data-widget_type=\"image.default\">\n\t\t\t\t<div class=\"elementor-widget-container\">\n\t\t\t\t\t\t\t\t\t\t\t\t\t\t\t<img fetchpriority=\"high\" decoding=\"async\" width=\"611\" height=\"203\" src=\"https:\/\/tamarell.com\/wp-content\/uploads\/2023\/04\/tamarell-logo.png\" class=\"attachment-large size-large wp-image-5\" alt=\"\" srcset=\"https:\/\/tamarell.com\/wp-content\/uploads\/2023\/04\/tamarell-logo.png 611w, https:\/\/tamarell.com\/wp-content\/uploads\/2023\/04\/tamarell-logo-300x100.png 300w, https:\/\/tamarell.com\/wp-content\/uploads\/2023\/04\/tamarell-logo-18x6.png 18w, https:\/\/tamarell.com\/wp-content\/uploads\/2023\/04\/tamarell-logo-208x69.png 208w\" sizes=\"(max-width: 611px) 100vw, 611px\" \/>\t\t\t\t\t\t\t\t\t\t\t\t\t\t\t<\/div>\n\t\t\t\t<\/div>\n\t\t\t\t<div class=\"elementor-element elementor-element-26666f1c elementor-widget elementor-widget-heading\" data-id=\"26666f1c\" data-element_type=\"widget\" data-e-type=\"widget\" data-widget_type=\"heading.default\">\n\t\t\t\t<div class=\"elementor-widget-container\">\n\t\t\t\t\t<h2 class=\"elementor-heading-title elementor-size-default\">CONTACTA CON NOSOTROS<\/h2>\t\t\t\t<\/div>\n\t\t\t\t<\/div>\n\t\t\t\t\t<\/div>\n\t\t<\/div>\n\t\t\t\t\t<\/div>\n\t\t<\/section>\n\t\t\t\t<section class=\"elementor-section elementor-top-section elementor-element elementor-element-215cd10 elementor-section-boxed elementor-section-height-default elementor-section-height-default\" data-id=\"215cd10\" data-element_type=\"section\" data-e-type=\"section\" data-settings=\"{&quot;background_background&quot;:&quot;classic&quot;}\">\n\t\t\t\t\t\t<div class=\"elementor-container elementor-column-gap-no\">\n\t\t\t\t\t<div class=\"elementor-column elementor-col-100 elementor-top-column elementor-element elementor-element-4a64937\" data-id=\"4a64937\" data-element_type=\"column\" data-e-type=\"column\">\n\t\t\t<div class=\"elementor-widget-wrap elementor-element-populated\">\n\t\t\t\t\t\t<section class=\"elementor-section elementor-inner-section elementor-element elementor-element-db5c868 elementor-section-boxed elementor-section-height-default elementor-section-height-default\" data-id=\"db5c868\" data-element_type=\"section\" data-e-type=\"section\">\n\t\t\t\t\t\t<div class=\"elementor-container elementor-column-gap-no\">\n\t\t\t\t\t<div class=\"elementor-column elementor-col-33 elementor-inner-column elementor-element elementor-element-59cc392\" data-id=\"59cc392\" data-element_type=\"column\" data-e-type=\"column\">\n\t\t\t<div class=\"elementor-widget-wrap elementor-element-populated\">\n\t\t\t\t\t\t<div class=\"elementor-element elementor-element-c7cf8fd elementor-vertical-align-top elementor-widget elementor-widget-image-box\" data-id=\"c7cf8fd\" data-element_type=\"widget\" data-e-type=\"widget\" data-widget_type=\"image-box.default\">\n\t\t\t\t<div class=\"elementor-widget-container\">\n\t\t\t\t\t<div class=\"elementor-image-box-wrapper\"><div class=\"elementor-image-box-content\"><h4 class=\"elementor-image-box-title\"><a href=\"https:\/\/goo.gl\/maps\/E3gcjpBpL6Vh5toDA\">Donde estamos:<\/a><\/h4><p class=\"elementor-image-box-description\"><b>Pla\u00e7a de ses perleres<\/b> <br> C\/ del Rossell\u00f3, 31 |  Manacor <br>\nLunes a viernes - 08:00 a 16:00<\/p><\/div><\/div>\t\t\t\t<\/div>\n\t\t\t\t<\/div>\n\t\t\t\t<div class=\"elementor-element elementor-element-331ef55 elementor-vertical-align-top elementor-widget elementor-widget-image-box\" data-id=\"331ef55\" data-element_type=\"widget\" data-e-type=\"widget\" data-widget_type=\"image-box.default\">\n\t\t\t\t<div class=\"elementor-widget-container\">\n\t\t\t\t\t<div class=\"elementor-image-box-wrapper\"><div class=\"elementor-image-box-content\"><h4 class=\"elementor-image-box-title\"><a href=\"https:\/\/api.whatsapp.com\/send?phone=+34601997939%20&#038;text=Hola!%20Quiero%20mas%20informaci%C3%B3n!\">Ll\u00e1manos:<\/a><\/h4><p class=\"elementor-image-box-description\">+ 34 601 997 939<\/p><\/div><\/div>\t\t\t\t<\/div>\n\t\t\t\t<\/div>\n\t\t\t\t<div class=\"elementor-element elementor-element-43f13e4 elementor-vertical-align-top elementor-widget elementor-widget-image-box\" data-id=\"43f13e4\" data-element_type=\"widget\" data-e-type=\"widget\" data-widget_type=\"image-box.default\">\n\t\t\t\t<div class=\"elementor-widget-container\">\n\t\t\t\t\t<div class=\"elementor-image-box-wrapper\"><div class=\"elementor-image-box-content\"><h4 class=\"elementor-image-box-title\"><a href=\"mailto:info@tamarell.com\">Env\u00edanos un correo:<\/a><\/h4><p class=\"elementor-image-box-description\">info@tamarell.com<\/p><\/div><\/div>\t\t\t\t<\/div>\n\t\t\t\t<\/div>\n\t\t\t\t\t<\/div>\n\t\t<\/div>\n\t\t\t\t<div class=\"elementor-column elementor-col-66 elementor-inner-column elementor-element elementor-element-58a2777\" data-id=\"58a2777\" data-element_type=\"column\" data-e-type=\"column\">\n\t\t\t<div class=\"elementor-widget-wrap elementor-element-populated\">\n\t\t\t\t\t\t<div class=\"elementor-element elementor-element-00f15aa elementor-widget elementor-widget-html\" data-id=\"00f15aa\" data-element_type=\"widget\" data-e-type=\"widget\" data-widget_type=\"html.default\">\n\t\t\t\t<div class=\"elementor-widget-container\">\n\t\t\t\t\t<iframe src=\"https:\/\/www.google.com\/maps\/d\/u\/0\/embed?mid=12xguhuLtrhMZ3dNBPSt00x1bUVsRgIw&ehbc=2E312F\" width=\"100%\" height=\"480\"><\/iframe>\t\t\t\t<\/div>\n\t\t\t\t<\/div>\n\t\t\t\t\t<\/div>\n\t\t<\/div>\n\t\t\t\t\t<\/div>\n\t\t<\/section>\n\t\t\t\t\t<\/div>\n\t\t<\/div>\n\t\t\t\t\t<\/div>\n\t\t<\/section>\n\t\t\t\t<\/div>","protected":false},"excerpt":{"rendered":"<p>CONTACTA AMB NOSALTRES On este\u00efm: Pla\u00e7a de ses perleres C\/ del Rossell\u00f3, 31 | Manacor Dilluns a divendres &#8211; 08:00 a 16:00 Crida&#8217;ns + 34 601 997 939 Envia&#8217;ns un correu: info@tamarell.com<\/p>","protected":false},"author":1,"featured_media":506,"parent":0,"menu_order":0,"comment_status":"closed","ping_status":"closed","template":"","meta":{"_monsterinsights_skip_tracking":false,"_monsterinsights_sitenote_active":false,"_monsterinsights_sitenote_note":"","_monsterinsights_sitenote_category":0,"_uf_show_specific_survey":0,"_uf_disable_surveys":false,"site-sidebar-layout":"no-sidebar","site-content-layout":"page-builder","ast-site-content-layout":"full-width-container","site-content-style":"unboxed","site-sidebar-style":"unboxed","ast-global-header-display":"","ast-banner-title-visibility":"","ast-main-header-display":"","ast-hfb-above-header-display":"","ast-hfb-below-header-display":"","ast-hfb-mobile-header-display":"","site-post-title":"disabled","ast-breadcrumbs-content":"disabled","ast-featured-img":"disabled","footer-sml-layout":"","ast-disable-related-posts":"","theme-transparent-header-meta":"enabled","adv-header-id-meta":"","stick-header-meta":"","header-above-stick-meta":"","header-main-stick-meta":"","header-below-stick-meta":"","astra-migrate-meta-layouts":"set","ast-page-background-enabled":"default","ast-page-background-meta":{"desktop":{"background-color":"var(--ast-global-color-4)","background-image":"","background-repeat":"repeat","background-position":"center center","background-size":"auto","background-attachment":"scroll","background-type":"","background-media":"","overlay-type":"","overlay-color":"","overlay-opacity":"","overlay-gradient":""},"tablet":{"background-color":"","background-image":"","background-repeat":"repeat","background-position":"center center","background-size":"auto","background-attachment":"scroll","background-type":"","background-media":"","overlay-type":"","overlay-color":"","overlay-opacity":"","overlay-gradient":""},"mobile":{"background-color":"","background-image":"","background-repeat":"repeat","background-position":"center center","background-size":"auto","background-attachment":"scroll","background-type":"","background-media":"","overlay-type":"","overlay-color":"","overlay-opacity":"","overlay-gradient":""}},"ast-content-background-meta":{"desktop":{"background-color":"var(--ast-global-color-5)","background-image":"","background-repeat":"repeat","background-position":"center center","background-size":"auto","background-attachment":"scroll","background-type":"","background-media":"","overlay-type":"","overlay-color":"","overlay-opacity":"","overlay-gradient":""},"tablet":{"background-color":"var(--ast-global-color-5)","background-image":"","background-repeat":"repeat","background-position":"center center","background-size":"auto","background-attachment":"scroll","background-type":"","background-media":"","overlay-type":"","overlay-color":"","overlay-opacity":"","overlay-gradient":""},"mobile":{"background-color":"var(--ast-global-color-5)","background-image":"","background-repeat":"repeat","background-position":"center center","background-size":"auto","background-attachment":"scroll","background-type":"","background-media":"","overlay-type":"","overlay-color":"","overlay-opacity":"","overlay-gradient":""}},"footnotes":""},"class_list":["post-15","page","type-page","status-publish","has-post-thumbnail","hentry"],"yoast_head":"<!-- This site is optimized with the Yoast SEO plugin v27.4 - https:\/\/yoast.com\/product\/yoast-seo-wordpress\/ -->\n<title>Cont\u00e1ctanos - Tamarell<\/title>\n<meta name=\"description\" content=\"Te ofrecemos varias v\u00edas para ponerte en contacto con nosotros. No dudes en hacerlo, as\u00ed te resolveremos todas las dudas.\" \/>\n<meta name=\"robots\" content=\"index, follow, max-snippet:-1, max-image-preview:large, max-video-preview:-1\" \/>\n<link rel=\"canonical\" href=\"https:\/\/tamarell.com\/es\/contacte\/\" \/>\n<meta property=\"og:locale\" content=\"es_ES\" \/>\n<meta property=\"og:type\" content=\"article\" \/>\n<meta property=\"og:title\" content=\"Cont\u00e1ctanos - Tamarell\" \/>\n<meta property=\"og:description\" content=\"Te ofrecemos varias v\u00edas para ponerte en contacto con nosotros. No dudes en hacerlo, as\u00ed te resolveremos todas las dudas.\" \/>\n<meta property=\"og:url\" content=\"https:\/\/tamarell.com\/es\/contacte\/\" \/>\n<meta property=\"og:site_name\" content=\"Tamarell\" \/>\n<meta property=\"article:modified_time\" content=\"2025-03-13T12:11:15+00:00\" \/>\n<meta property=\"og:image\" content=\"https:\/\/tamarell.com\/wp-content\/uploads\/2023\/04\/bg-tamarell3.jpg\" \/>\n\t<meta property=\"og:image:width\" content=\"1900\" \/>\n\t<meta property=\"og:image:height\" content=\"1267\" \/>\n\t<meta property=\"og:image:type\" content=\"image\/jpeg\" \/>\n<meta name=\"twitter:card\" content=\"summary_large_image\" \/>\n<meta name=\"twitter:label1\" content=\"Tiempo de lectura\" \/>\n\t<meta name=\"twitter:data1\" content=\"1 minuto\" \/>\n<script type=\"application\/ld+json\" class=\"yoast-schema-graph\">{\"@context\":\"https:\\\/\\\/schema.org\",\"@graph\":[{\"@type\":\"WebPage\",\"@id\":\"https:\\\/\\\/tamarell.com\\\/contacte\\\/\",\"url\":\"https:\\\/\\\/tamarell.com\\\/contacte\\\/\",\"name\":\"Cont\u00e1ctanos - Tamarell\",\"isPartOf\":{\"@id\":\"https:\\\/\\\/tamarell.com\\\/#website\"},\"primaryImageOfPage\":{\"@id\":\"https:\\\/\\\/tamarell.com\\\/contacte\\\/#primaryimage\"},\"image\":{\"@id\":\"https:\\\/\\\/tamarell.com\\\/contacte\\\/#primaryimage\"},\"thumbnailUrl\":\"https:\\\/\\\/tamarell.com\\\/wp-content\\\/uploads\\\/2023\\\/04\\\/bg-tamarell3.jpg\",\"datePublished\":\"2021-11-04T10:22:20+00:00\",\"dateModified\":\"2025-03-13T12:11:15+00:00\",\"description\":\"Te ofrecemos varias v\u00edas para ponerte en contacto con nosotros. No dudes en hacerlo, as\u00ed te resolveremos todas las dudas.\",\"breadcrumb\":{\"@id\":\"https:\\\/\\\/tamarell.com\\\/contacte\\\/#breadcrumb\"},\"inLanguage\":\"es\",\"potentialAction\":[{\"@type\":\"ReadAction\",\"target\":[\"https:\\\/\\\/tamarell.com\\\/contacte\\\/\"]}]},{\"@type\":\"ImageObject\",\"inLanguage\":\"es\",\"@id\":\"https:\\\/\\\/tamarell.com\\\/contacte\\\/#primaryimage\",\"url\":\"https:\\\/\\\/tamarell.com\\\/wp-content\\\/uploads\\\/2023\\\/04\\\/bg-tamarell3.jpg\",\"contentUrl\":\"https:\\\/\\\/tamarell.com\\\/wp-content\\\/uploads\\\/2023\\\/04\\\/bg-tamarell3.jpg\",\"width\":1900,\"height\":1267},{\"@type\":\"BreadcrumbList\",\"@id\":\"https:\\\/\\\/tamarell.com\\\/contacte\\\/#breadcrumb\",\"itemListElement\":[{\"@type\":\"ListItem\",\"position\":1,\"name\":\"Portada\",\"item\":\"https:\\\/\\\/tamarell.com\\\/\"},{\"@type\":\"ListItem\",\"position\":2,\"name\":\"Contacte\"}]},{\"@type\":\"WebSite\",\"@id\":\"https:\\\/\\\/tamarell.com\\\/#website\",\"url\":\"https:\\\/\\\/tamarell.com\\\/\",\"name\":\"Tamarell\",\"description\":\"Construcci\u00f3n &amp; servicios integrales - Manacor\",\"publisher\":{\"@id\":\"https:\\\/\\\/tamarell.com\\\/#organization\"},\"potentialAction\":[{\"@type\":\"SearchAction\",\"target\":{\"@type\":\"EntryPoint\",\"urlTemplate\":\"https:\\\/\\\/tamarell.com\\\/?s={search_term_string}\"},\"query-input\":{\"@type\":\"PropertyValueSpecification\",\"valueRequired\":true,\"valueName\":\"search_term_string\"}}],\"inLanguage\":\"es\"},{\"@type\":\"Organization\",\"@id\":\"https:\\\/\\\/tamarell.com\\\/#organization\",\"name\":\"Tamarell\",\"url\":\"https:\\\/\\\/tamarell.com\\\/\",\"logo\":{\"@type\":\"ImageObject\",\"inLanguage\":\"es\",\"@id\":\"https:\\\/\\\/tamarell.com\\\/#\\\/schema\\\/logo\\\/image\\\/\",\"url\":\"https:\\\/\\\/tamarell.com\\\/web\\\/wp-content\\\/uploads\\\/2023\\\/04\\\/324791654_1624392927972940_7066699947348476523_n.jpg\",\"contentUrl\":\"https:\\\/\\\/tamarell.com\\\/web\\\/wp-content\\\/uploads\\\/2023\\\/04\\\/324791654_1624392927972940_7066699947348476523_n.jpg\",\"width\":640,\"height\":640,\"caption\":\"Tamarell\"},\"image\":{\"@id\":\"https:\\\/\\\/tamarell.com\\\/#\\\/schema\\\/logo\\\/image\\\/\"}}]}<\/script>\n<!-- \/ Yoast SEO plugin. -->","yoast_head_json":{"title":"Cont\u00e1ctanos - Tamarell","description":"Te ofrecemos varias v\u00edas para ponerte en contacto con nosotros. No dudes en hacerlo, as\u00ed te resolveremos todas las dudas.","robots":{"index":"index","follow":"follow","max-snippet":"max-snippet:-1","max-image-preview":"max-image-preview:large","max-video-preview":"max-video-preview:-1"},"canonical":"https:\/\/tamarell.com\/es\/contacte\/","og_locale":"es_ES","og_type":"article","og_title":"Cont\u00e1ctanos - Tamarell","og_description":"Te ofrecemos varias v\u00edas para ponerte en contacto con nosotros. No dudes en hacerlo, as\u00ed te resolveremos todas las dudas.","og_url":"https:\/\/tamarell.com\/es\/contacte\/","og_site_name":"Tamarell","article_modified_time":"2025-03-13T12:11:15+00:00","og_image":[{"width":1900,"height":1267,"url":"https:\/\/tamarell.com\/wp-content\/uploads\/2023\/04\/bg-tamarell3.jpg","type":"image\/jpeg"}],"twitter_card":"summary_large_image","twitter_misc":{"Tiempo de lectura":"1 minuto"},"schema":{"@context":"https:\/\/schema.org","@graph":[{"@type":"WebPage","@id":"https:\/\/tamarell.com\/contacte\/","url":"https:\/\/tamarell.com\/contacte\/","name":"Cont\u00e1ctanos - Tamarell","isPartOf":{"@id":"https:\/\/tamarell.com\/#website"},"primaryImageOfPage":{"@id":"https:\/\/tamarell.com\/contacte\/#primaryimage"},"image":{"@id":"https:\/\/tamarell.com\/contacte\/#primaryimage"},"thumbnailUrl":"https:\/\/tamarell.com\/wp-content\/uploads\/2023\/04\/bg-tamarell3.jpg","datePublished":"2021-11-04T10:22:20+00:00","dateModified":"2025-03-13T12:11:15+00:00","description":"Te ofrecemos varias v\u00edas para ponerte en contacto con nosotros. No dudes en hacerlo, as\u00ed te resolveremos todas las dudas.","breadcrumb":{"@id":"https:\/\/tamarell.com\/contacte\/#breadcrumb"},"inLanguage":"es","potentialAction":[{"@type":"ReadAction","target":["https:\/\/tamarell.com\/contacte\/"]}]},{"@type":"ImageObject","inLanguage":"es","@id":"https:\/\/tamarell.com\/contacte\/#primaryimage","url":"https:\/\/tamarell.com\/wp-content\/uploads\/2023\/04\/bg-tamarell3.jpg","contentUrl":"https:\/\/tamarell.com\/wp-content\/uploads\/2023\/04\/bg-tamarell3.jpg","width":1900,"height":1267},{"@type":"BreadcrumbList","@id":"https:\/\/tamarell.com\/contacte\/#breadcrumb","itemListElement":[{"@type":"ListItem","position":1,"name":"Portada","item":"https:\/\/tamarell.com\/"},{"@type":"ListItem","position":2,"name":"Contacte"}]},{"@type":"WebSite","@id":"https:\/\/tamarell.com\/#website","url":"https:\/\/tamarell.com\/","name":"Tamarell","description":"Construcci\u00f3n &amp; servicios integrales - Manacor","publisher":{"@id":"https:\/\/tamarell.com\/#organization"},"potentialAction":[{"@type":"SearchAction","target":{"@type":"EntryPoint","urlTemplate":"https:\/\/tamarell.com\/?s={search_term_string}"},"query-input":{"@type":"PropertyValueSpecification","valueRequired":true,"valueName":"search_term_string"}}],"inLanguage":"es"},{"@type":"Organization","@id":"https:\/\/tamarell.com\/#organization","name":"Tamarell","url":"https:\/\/tamarell.com\/","logo":{"@type":"ImageObject","inLanguage":"es","@id":"https:\/\/tamarell.com\/#\/schema\/logo\/image\/","url":"https:\/\/tamarell.com\/web\/wp-content\/uploads\/2023\/04\/324791654_1624392927972940_7066699947348476523_n.jpg","contentUrl":"https:\/\/tamarell.com\/web\/wp-content\/uploads\/2023\/04\/324791654_1624392927972940_7066699947348476523_n.jpg","width":640,"height":640,"caption":"Tamarell"},"image":{"@id":"https:\/\/tamarell.com\/#\/schema\/logo\/image\/"}}]}},"_links":{"self":[{"href":"https:\/\/tamarell.com\/es\/wp-json\/wp\/v2\/pages\/15","targetHints":{"allow":["GET"]}}],"collection":[{"href":"https:\/\/tamarell.com\/es\/wp-json\/wp\/v2\/pages"}],"about":[{"href":"https:\/\/tamarell.com\/es\/wp-json\/wp\/v2\/types\/page"}],"author":[{"embeddable":true,"href":"https:\/\/tamarell.com\/es\/wp-json\/wp\/v2\/users\/1"}],"replies":[{"embeddable":true,"href":"https:\/\/tamarell.com\/es\/wp-json\/wp\/v2\/comments?post=15"}],"version-history":[{"count":31,"href":"https:\/\/tamarell.com\/es\/wp-json\/wp\/v2\/pages\/15\/revisions"}],"predecessor-version":[{"id":1200,"href":"https:\/\/tamarell.com\/es\/wp-json\/wp\/v2\/pages\/15\/revisions\/1200"}],"wp:featuredmedia":[{"embeddable":true,"href":"https:\/\/tamarell.com\/es\/wp-json\/wp\/v2\/media\/506"}],"wp:attachment":[{"href":"https:\/\/tamarell.com\/es\/wp-json\/wp\/v2\/media?parent=15"}],"curies":[{"name":"wp","href":"https:\/\/api.w.org\/{rel}","templated":true}]}}